{"id":1254,"date":"2023-08-14T12:17:17","date_gmt":"2023-08-14T10:17:17","guid":{"rendered":"https:\/\/rugbygirlacademie.com\/?page_id=1254"},"modified":"2026-04-08T12:52:12","modified_gmt":"2026-04-08T10:52:12","slug":"devenirbenevoles","status":"publish","type":"page","link":"https:\/\/rugbygirlacademie.com\/index.php\/devenirbenevoles\/","title":{"rendered":"Devenir B\u00e9n\u00e9voles"},"content":{"rendered":"\t\t<div data-elementor-type=\"wp-page\" data-elementor-id=\"1254\" class=\"elementor elementor-1254\" data-elementor-post-type=\"page\">\n\t\t\t\t<div class=\"elementor-element elementor-element-2ed65f4 e-con-full e-flex e-con e-parent\" data-id=\"2ed65f4\" data-element_type=\"container\" data-e-type=\"container\" data-settings=\"{&quot;background_background&quot;:&quot;classic&quot;}\">\n\t\t\t\t<div class=\"elementor-element elementor-element-e3e7940 elementor-widget elementor-widget-heading\" data-id=\"e3e7940\" data-element_type=\"widget\" data-e-type=\"widget\" data-widget_type=\"heading.default\">\n\t\t\t\t\t<h2 class=\"elementor-heading-title elementor-size-default\">Devenir B\u00e9n\u00e9vole<\/h2>\t\t\t\t<\/div>\n\t\t\t\t<\/div>\n\t\t<div class=\"elementor-element elementor-element-cb7dab4 e-flex e-con-boxed e-con e-parent\" data-id=\"cb7dab4\" data-element_type=\"container\" data-e-type=\"container\">\n\t\t\t\t\t<div class=\"e-con-inner\">\n\t\t<div class=\"elementor-element elementor-element-ba83cce e-con-full e-flex e-con e-child\" data-id=\"ba83cce\" data-element_type=\"container\" data-e-type=\"container\">\n\t\t\t\t<div class=\"elementor-element elementor-element-53a6cc5 elementor-invisible elementor-widget elementor-widget-heading\" data-id=\"53a6cc5\" data-element_type=\"widget\" data-e-type=\"widget\" data-settings=\"{&quot;_animation&quot;:&quot;fadeInUp&quot;}\" data-widget_type=\"heading.default\">\n\t\t\t\t\t<h2 class=\"elementor-heading-title elementor-size-default\">Formulaire d'inscription<\/h2>\t\t\t\t<\/div>\n\t\t\t\t<div class=\"elementor-element elementor-element-42c7b6e elementor-widget__width-initial elementor-widget elementor-widget-image\" data-id=\"42c7b6e\" data-element_type=\"widget\" data-e-type=\"widget\" data-widget_type=\"image.default\">\n\t\t\t\t\t\t\t\t\t\t\t\t\t\t\t<img fetchpriority=\"high\" decoding=\"async\" width=\"724\" height=\"1024\" src=\"https:\/\/rugbygirlacademie.com\/wp-content\/uploads\/2026\/04\/Affiche-tournoi-QPV-724x1024.jpg\" class=\"attachment-large size-large wp-image-4618\" alt=\"\" srcset=\"https:\/\/rugbygirlacademie.com\/wp-content\/uploads\/2026\/04\/Affiche-tournoi-QPV-724x1024.jpg 724w, https:\/\/rugbygirlacademie.com\/wp-content\/uploads\/2026\/04\/Affiche-tournoi-QPV-212x300.jpg 212w, https:\/\/rugbygirlacademie.com\/wp-content\/uploads\/2026\/04\/Affiche-tournoi-QPV-768x1086.jpg 768w, https:\/\/rugbygirlacademie.com\/wp-content\/uploads\/2026\/04\/Affiche-tournoi-QPV-1086x1536.jpg 1086w, https:\/\/rugbygirlacademie.com\/wp-content\/uploads\/2026\/04\/Affiche-tournoi-QPV.jpg 1131w\" sizes=\"(max-width: 724px) 100vw, 724px\" \/>\t\t\t\t\t\t\t\t\t\t\t\t\t\t\t<\/div>\n\t\t\t\t<div class=\"elementor-element elementor-element-f4db3ca elementor-widget__width-initial elementor-widget elementor-widget-text-editor\" data-id=\"f4db3ca\" data-element_type=\"widget\" data-e-type=\"widget\" data-widget_type=\"text-editor.default\">\n\t\t\t\t\t\t\t\t\t<div><strong>\ud83c\udfc9 Rejoins l&rsquo;\u00e9quipe des b\u00e9n\u00e9voles du Tournoi \u00e9ducatif Rugby Girl Acad\u00e9mie ! \ud83d\udc99<\/strong><\/div><div>\u00a0<\/div><div>Envie de vivre une journ\u00e9e intense, conviviale et inspirante ? De contribuer au d\u00e9veloppement du rugby f\u00e9minin ? \ud83d\udcaa<\/div><div>\u00a0<\/div><div>Nous recherchons des b\u00e9n\u00e9voles dynamiques pour nous aider \u00e0 faire de cet \u00e9v\u00e9nement une r\u00e9ussite ! Accueil, arbitrage, animations, logistique\u2026 il y a s\u00fbrement une mission pour toi ! \ud83d\ude4c<\/div><div><ul><li><strong>\ud83d\udcc5 Dates <\/strong><strong>Tournoi aux Ulis <\/strong>\u00a0: \u00a0Mercredi 10 juin 2026 14h-17h<\/li><\/ul><ul class=\"MailOutline\"><li>\ud83d\udccd Lieu : Stade Jean Marc Salinier, 8B Avenue des C\u00e9vennes, 91940 Les Ulis\u00a0<\/li><\/ul><p><strong>Pr\u00eat(e) \u00e0 rejoindre l&rsquo;aventure ?<\/strong>\u00a0Inscris-toi d\u00e8s maintenant ! \u2b07\ufe0f<\/p><\/div>\t\t\t\t\t\t\t\t<\/div>\n\t\t\t\t<div class=\"elementor-element elementor-element-bbdcc68 elementor-button-align-start elementor-widget elementor-widget-form\" data-id=\"bbdcc68\" data-element_type=\"widget\" data-e-type=\"widget\" data-settings=\"{&quot;step_next_label&quot;:&quot;Next&quot;,&quot;step_previous_label&quot;:&quot;Previous&quot;,&quot;button_width&quot;:&quot;100&quot;,&quot;step_type&quot;:&quot;number_text&quot;,&quot;step_icon_shape&quot;:&quot;circle&quot;}\" data-widget_type=\"form.default\">\n\t\t\t\t\t\t\t<form class=\"elementor-form\" method=\"post\" name=\"Jeu concours\" aria-label=\"Jeu concours\">\n\t\t\t<input type=\"hidden\" name=\"post_id\" value=\"1254\"\/>\n\t\t\t<input type=\"hidden\" name=\"form_id\" value=\"bbdcc68\"\/>\n\t\t\t<input type=\"hidden\" name=\"referer_title\" value=\"Devenir B\u00e9n\u00e9voles - RugbyGirl Acad\u00e9mie\" \/>\n\n\t\t\t\t\t\t\t<input type=\"hidden\" name=\"queried_id\" value=\"1254\"\/>\n\t\t\t\n\t\t\t<div class=\"elementor-form-fields-wrapper elementor-labels-above\">\n\t\t\t\t\t\t\t\t<div class=\"elementor-field-type-text elementor-field-group elementor-column elementor-field-group-name elementor-col-50 elementor-field-required\">\n\t\t\t\t\t\t\t\t\t\t\t\t\t<input size=\"1\" type=\"text\" name=\"form_fields[name]\" id=\"form-field-name\" class=\"elementor-field elementor-size-md  elementor-field-textual\" placeholder=\"Nom*\" required=\"required\">\n\t\t\t\t\t\t\t\t\t\t\t<\/div>\n\t\t\t\t\t\t\t\t<div class=\"elementor-field-type-text elementor-field-group elementor-column elementor-field-group-field_e741885 elementor-col-50 elementor-field-required\">\n\t\t\t\t\t\t\t\t\t\t\t\t\t<input size=\"1\" type=\"text\" name=\"form_fields[field_e741885]\" id=\"form-field-field_e741885\" class=\"elementor-field elementor-size-md  elementor-field-textual\" placeholder=\"Pr\u00e9nom*\" required=\"required\">\n\t\t\t\t\t\t\t\t\t\t\t<\/div>\n\t\t\t\t\t\t\t\t<div class=\"elementor-field-type-email elementor-field-group elementor-column elementor-field-group-email elementor-col-50 elementor-field-required\">\n\t\t\t\t\t\t\t\t\t\t\t\t\t<input size=\"1\" type=\"email\" name=\"form_fields[email]\" id=\"form-field-email\" class=\"elementor-field elementor-size-md  elementor-field-textual\" placeholder=\"Email*\" required=\"required\">\n\t\t\t\t\t\t\t\t\t\t\t<\/div>\n\t\t\t\t\t\t\t\t<div class=\"elementor-field-type-tel elementor-field-group elementor-column elementor-field-group-field_f6a9340 elementor-col-50 elementor-field-required\">\n\t\t\t\t\t\t\t<input size=\"1\" type=\"tel\" name=\"form_fields[field_f6a9340]\" id=\"form-field-field_f6a9340\" class=\"elementor-field elementor-size-md  elementor-field-textual\" placeholder=\"T\u00e9l\u00e9phone*\" required=\"required\" pattern=\"[0-9()#&amp;+*-=.]+\" title=\"Seuls les caract\u00e8res de num\u00e9ros de t\u00e9l\u00e9phone (#, -, *, etc.) sont accept\u00e9s.\">\n\n\t\t\t\t\t\t<\/div>\n\t\t\t\t\t\t\t\t<div class=\"elementor-field-type-text elementor-field-group elementor-column elementor-field-group-field_4f77ec6 elementor-col-50 elementor-field-required\">\n\t\t\t\t\t\t\t\t\t\t\t\t\t<input size=\"1\" type=\"text\" name=\"form_fields[field_4f77ec6]\" id=\"form-field-field_4f77ec6\" class=\"elementor-field elementor-size-md  elementor-field-textual\" placeholder=\"Date de naissance*\" required=\"required\">\n\t\t\t\t\t\t\t\t\t\t\t<\/div>\n\t\t\t\t\t\t\t\t<div class=\"elementor-field-type-text elementor-field-group elementor-column elementor-field-group-field_cfb1e5e elementor-col-50 elementor-field-required\">\n\t\t\t\t\t\t\t\t\t\t\t\t\t<input size=\"1\" type=\"text\" name=\"form_fields[field_cfb1e5e]\" id=\"form-field-field_cfb1e5e\" class=\"elementor-field elementor-size-md  elementor-field-textual\" placeholder=\"Code postal*\" required=\"required\">\n\t\t\t\t\t\t\t\t\t\t\t<\/div>\n\t\t\t\t\t\t\t\t<div class=\"elementor-field-type-textarea elementor-field-group elementor-column elementor-field-group-field_90d282d elementor-col-100 elementor-field-required\">\n\t\t\t\t\t<textarea class=\"elementor-field-textual elementor-field  elementor-size-md\" name=\"form_fields[field_90d282d]\" id=\"form-field-field_90d282d\" rows=\"4\" placeholder=\"pourquoi veux tu t\u2019engager en tant que b\u00e9n\u00e9vole pour le tournoi de la Rugby Girl Acad\u00e9mie du 18 Avril ? \" required=\"required\"><\/textarea>\t\t\t\t<\/div>\n\t\t\t\t\t\t\t\t<div class=\"elementor-field-type-checkbox elementor-field-group elementor-column elementor-field-group-field_eeff174 elementor-col-100\">\n\t\t\t\t\t\t\t\t\t\t\t\t<label for=\"form-field-field_eeff174\" class=\"elementor-field-label\">\n\t\t\t\t\t\t\t\tSur quel type de missions aimeriez-vous contribuer ? (choix multiples)\t\t\t\t\t\t\t<\/label>\n\t\t\t\t\t\t<div class=\"elementor-field-subgroup  \"><span class=\"elementor-field-option\"><input type=\"checkbox\" value=\"1. Accueil et orientation \" id=\"form-field-field_eeff174-0\" name=\"form_fields[field_eeff174][]\"> <label for=\"form-field-field_eeff174-0\">1. Accueil et orientation <\/label><\/span><span class=\"elementor-field-option\"><input type=\"checkbox\" value=\"2. Logistique et installation \" id=\"form-field-field_eeff174-1\" name=\"form_fields[field_eeff174][]\"> <label for=\"form-field-field_eeff174-1\">2. Logistique et installation <\/label><\/span><span class=\"elementor-field-option\"><input type=\"checkbox\" value=\"3. Arbitrage et encadrement sportif \" id=\"form-field-field_eeff174-2\" name=\"form_fields[field_eeff174][]\"> <label for=\"form-field-field_eeff174-2\">3. Arbitrage et encadrement sportif <\/label><\/span><span class=\"elementor-field-option\"><input type=\"checkbox\" value=\"4. Animation et ambiance \" id=\"form-field-field_eeff174-3\" name=\"form_fields[field_eeff174][]\"> <label for=\"form-field-field_eeff174-3\">4. Animation et ambiance <\/label><\/span><span class=\"elementor-field-option\"><input type=\"checkbox\" value=\"5. Restauration et hydratation \" id=\"form-field-field_eeff174-4\" name=\"form_fields[field_eeff174][]\"> <label for=\"form-field-field_eeff174-4\">5. Restauration et hydratation <\/label><\/span><span class=\"elementor-field-option\"><input type=\"checkbox\" value=\"6. Communication et m\u00e9dias \" id=\"form-field-field_eeff174-5\" name=\"form_fields[field_eeff174][]\"> <label for=\"form-field-field_eeff174-5\">6. Communication et m\u00e9dias <\/label><\/span><span class=\"elementor-field-option\"><input type=\"checkbox\" value=\"7. S\u00e9curit\u00e9 et bien-\u00eatre\" id=\"form-field-field_eeff174-6\" name=\"form_fields[field_eeff174][]\"> <label for=\"form-field-field_eeff174-6\">7. S\u00e9curit\u00e9 et bien-\u00eatre<\/label><\/span><\/div>\t\t\t\t<\/div>\n\t\t\t\t\t\t\t\t<div class=\"elementor-field-type-textarea elementor-field-group elementor-column elementor-field-group-field_fa72c38 elementor-col-100 elementor-field-required\">\n\t\t\t\t\t<textarea class=\"elementor-field-textual elementor-field  elementor-size-md\" name=\"form_fields[field_fa72c38]\" id=\"form-field-field_fa72c38\" rows=\"4\" placeholder=\"Comment avez-vous d\u00e9couvert notre \u00e9v\u00e8nement ?* \" required=\"required\"><\/textarea>\t\t\t\t<\/div>\n\t\t\t\t\t\t\t\t<div class=\"elementor-field-type-acceptance elementor-field-group elementor-column elementor-field-group-field_6e91c37 elementor-col-100 elementor-field-required\">\n\t\t\t\t\t\t\t<div class=\"elementor-field-subgroup\">\n\t\t\t<span class=\"elementor-field-option\">\n\t\t\t\t<input type=\"checkbox\" name=\"form_fields[field_6e91c37]\" id=\"form-field-field_6e91c37\" class=\"elementor-field elementor-size-md  elementor-acceptance-field\" required=\"required\">\n\t\t\t\t<label for=\"form-field-field_6e91c37\">J'autorise Rugbygirl Acad\u00e9mie a utilis\u00e9 les donn\u00e9es fournies ci-dessous dans le cadre de l\u2019organisation de l'\u00e9v\u00e8nement *<\/label>\t\t\t<\/span>\n\t\t<\/div>\n\t\t\t\t\t\t<\/div>\n\t\t\t\t\t\t\t\t<div class=\"elementor-field-group elementor-column elementor-field-type-submit elementor-col-100 e-form__buttons\">\n\t\t\t\t\t<button class=\"elementor-button elementor-size-sm elementor-animation-float\" type=\"submit\">\n\t\t\t\t\t\t<span class=\"elementor-button-content-wrapper\">\n\t\t\t\t\t\t\t\t\t\t\t\t\t\t\t\t\t\t\t\t\t\t<span class=\"elementor-button-text\">Rejoignez notre \u00e9quipe<\/span>\n\t\t\t\t\t\t\t\t\t\t\t\t\t<\/span>\n\t\t\t\t\t<\/button>\n\t\t\t\t<\/div>\n\t\t\t<\/div>\n\t\t<\/form>\n\t\t\t\t\t\t<\/div>\n\t\t\t\t<\/div>\n\t\t\t\t\t<\/div>\n\t\t\t\t<\/div>\n\t\t\t\t<\/div>\n\t\t","protected":false},"excerpt":{"rendered":"<p>Devenir B\u00e9n\u00e9vole Formulaire d&rsquo;inscription \ud83c\udfc9 Rejoins l&rsquo;\u00e9quipe des b\u00e9n\u00e9voles du Tournoi \u00e9ducatif Rugby Girl Acad\u00e9mie ! \ud83d\udc99\u00a0Envie de vivre une journ\u00e9e intense, conviviale et inspirante ? De contribuer au d\u00e9veloppement du rugby f\u00e9minin ? \ud83d\udcaa\u00a0Nous recherchons des b\u00e9n\u00e9voles dynamiques pour nous aider \u00e0 faire de cet \u00e9v\u00e9nement une r\u00e9ussite ! Accueil, arbitrage, animations, logistique\u2026 il [&hellip;]<\/p>\n","protected":false},"author":1,"featured_media":0,"parent":0,"menu_order":0,"comment_status":"closed","ping_status":"closed","template":"","meta":{"_acf_changed":false,"footnotes":""},"class_list":["post-1254","page","type-page","status-publish","hentry"],"acf":[],"yoast_head":"<!-- This site is optimized with the Yoast SEO plugin v27.5 - https:\/\/yoast.com\/product\/yoast-seo-wordpress\/ -->\n<title>Devenir B\u00e9n\u00e9voles - RugbyGirl Acad\u00e9mie<\/title>\n<meta name=\"robots\" content=\"index, follow, max-snippet:-1, max-image-preview:large, max-video-preview:-1\" \/>\n<link rel=\"canonical\" href=\"https:\/\/rugbygirlacademie.com\/index.php\/devenirbenevoles\/\" \/>\n<meta property=\"og:locale\" content=\"fr_FR\" \/>\n<meta property=\"og:type\" content=\"article\" \/>\n<meta property=\"og:title\" content=\"Devenir B\u00e9n\u00e9voles - RugbyGirl Acad\u00e9mie\" \/>\n<meta property=\"og:description\" content=\"Devenir B\u00e9n\u00e9vole Formulaire d&rsquo;inscription \ud83c\udfc9 Rejoins l&rsquo;\u00e9quipe des b\u00e9n\u00e9voles du Tournoi \u00e9ducatif Rugby Girl Acad\u00e9mie ! \ud83d\udc99\u00a0Envie de vivre une journ\u00e9e intense, conviviale et inspirante ? De contribuer au d\u00e9veloppement du rugby f\u00e9minin ? \ud83d\udcaa\u00a0Nous recherchons des b\u00e9n\u00e9voles dynamiques pour nous aider \u00e0 faire de cet \u00e9v\u00e9nement une r\u00e9ussite ! Accueil, arbitrage, animations, logistique\u2026 il [&hellip;]\" \/>\n<meta property=\"og:url\" content=\"https:\/\/rugbygirlacademie.com\/index.php\/devenirbenevoles\/\" \/>\n<meta property=\"og:site_name\" content=\"RugbyGirl Acad\u00e9mie\" \/>\n<meta property=\"article:modified_time\" content=\"2026-04-08T10:52:12+00:00\" \/>\n<meta property=\"og:image\" content=\"https:\/\/rugbygirlacademie.com\/wp-content\/uploads\/2026\/04\/Affiche-tournoi-QPV.jpg\" \/>\n\t<meta property=\"og:image:width\" content=\"1131\" \/>\n\t<meta property=\"og:image:height\" content=\"1600\" \/>\n\t<meta property=\"og:image:type\" content=\"image\/jpeg\" \/>\n<meta name=\"twitter:card\" content=\"summary_large_image\" \/>\n<meta name=\"twitter:label1\" content=\"Dur\u00e9e de lecture estim\u00e9e\" \/>\n\t<meta name=\"twitter:data1\" content=\"3 minutes\" \/>\n<script type=\"application\/ld+json\" class=\"yoast-schema-graph\">{\"@context\":\"https:\\\/\\\/schema.org\",\"@graph\":[{\"@type\":\"WebPage\",\"@id\":\"https:\\\/\\\/rugbygirlacademie.com\\\/index.php\\\/devenirbenevoles\\\/\",\"url\":\"https:\\\/\\\/rugbygirlacademie.com\\\/index.php\\\/devenirbenevoles\\\/\",\"name\":\"Devenir B\u00e9n\u00e9voles - RugbyGirl Acad\u00e9mie\",\"isPartOf\":{\"@id\":\"https:\\\/\\\/rugbygirlacademie.com\\\/#website\"},\"primaryImageOfPage\":{\"@id\":\"https:\\\/\\\/rugbygirlacademie.com\\\/index.php\\\/devenirbenevoles\\\/#primaryimage\"},\"image\":{\"@id\":\"https:\\\/\\\/rugbygirlacademie.com\\\/index.php\\\/devenirbenevoles\\\/#primaryimage\"},\"thumbnailUrl\":\"https:\\\/\\\/rugbygirlacademie.com\\\/wp-content\\\/uploads\\\/2026\\\/04\\\/Affiche-tournoi-QPV-724x1024.jpg\",\"datePublished\":\"2023-08-14T10:17:17+00:00\",\"dateModified\":\"2026-04-08T10:52:12+00:00\",\"breadcrumb\":{\"@id\":\"https:\\\/\\\/rugbygirlacademie.com\\\/index.php\\\/devenirbenevoles\\\/#breadcrumb\"},\"inLanguage\":\"fr-FR\",\"potentialAction\":[{\"@type\":\"ReadAction\",\"target\":[\"https:\\\/\\\/rugbygirlacademie.com\\\/index.php\\\/devenirbenevoles\\\/\"]}]},{\"@type\":\"ImageObject\",\"inLanguage\":\"fr-FR\",\"@id\":\"https:\\\/\\\/rugbygirlacademie.com\\\/index.php\\\/devenirbenevoles\\\/#primaryimage\",\"url\":\"https:\\\/\\\/rugbygirlacademie.com\\\/wp-content\\\/uploads\\\/2026\\\/04\\\/Affiche-tournoi-QPV.jpg\",\"contentUrl\":\"https:\\\/\\\/rugbygirlacademie.com\\\/wp-content\\\/uploads\\\/2026\\\/04\\\/Affiche-tournoi-QPV.jpg\",\"width\":1131,\"height\":1600},{\"@type\":\"BreadcrumbList\",\"@id\":\"https:\\\/\\\/rugbygirlacademie.com\\\/index.php\\\/devenirbenevoles\\\/#breadcrumb\",\"itemListElement\":[{\"@type\":\"ListItem\",\"position\":1,\"name\":\"Accueil\",\"item\":\"https:\\\/\\\/rugbygirlacademie.com\\\/\"},{\"@type\":\"ListItem\",\"position\":2,\"name\":\"Devenir B\u00e9n\u00e9voles\"}]},{\"@type\":\"WebSite\",\"@id\":\"https:\\\/\\\/rugbygirlacademie.com\\\/#website\",\"url\":\"https:\\\/\\\/rugbygirlacademie.com\\\/\",\"name\":\"RugbyGirl Acad\u00e9mie\",\"description\":\"RugbyGirl Acad\u00e9mie c\u2019est un stage de rugby 100% filles\",\"publisher\":{\"@id\":\"https:\\\/\\\/rugbygirlacademie.com\\\/#organization\"},\"potentialAction\":[{\"@type\":\"SearchAction\",\"target\":{\"@type\":\"EntryPoint\",\"urlTemplate\":\"https:\\\/\\\/rugbygirlacademie.com\\\/?s={search_term_string}\"},\"query-input\":{\"@type\":\"PropertyValueSpecification\",\"valueRequired\":true,\"valueName\":\"search_term_string\"}}],\"inLanguage\":\"fr-FR\"},{\"@type\":\"Organization\",\"@id\":\"https:\\\/\\\/rugbygirlacademie.com\\\/#organization\",\"name\":\"RugbyGirl Acad\u00e9mie\",\"url\":\"https:\\\/\\\/rugbygirlacademie.com\\\/\",\"logo\":{\"@type\":\"ImageObject\",\"inLanguage\":\"fr-FR\",\"@id\":\"https:\\\/\\\/rugbygirlacademie.com\\\/#\\\/schema\\\/logo\\\/image\\\/\",\"url\":\"https:\\\/\\\/rugbygirlacademie.com\\\/wp-content\\\/uploads\\\/2023\\\/07\\\/Logo-RugbyGirl-Academie.png\",\"contentUrl\":\"https:\\\/\\\/rugbygirlacademie.com\\\/wp-content\\\/uploads\\\/2023\\\/07\\\/Logo-RugbyGirl-Academie.png\",\"width\":1501,\"height\":641,\"caption\":\"RugbyGirl Acad\u00e9mie\"},\"image\":{\"@id\":\"https:\\\/\\\/rugbygirlacademie.com\\\/#\\\/schema\\\/logo\\\/image\\\/\"}}]}<\/script>\n<!-- \/ Yoast SEO plugin. -->","yoast_head_json":{"title":"Devenir B\u00e9n\u00e9voles - RugbyGirl Acad\u00e9mie","robots":{"index":"index","follow":"follow","max-snippet":"max-snippet:-1","max-image-preview":"max-image-preview:large","max-video-preview":"max-video-preview:-1"},"canonical":"https:\/\/rugbygirlacademie.com\/index.php\/devenirbenevoles\/","og_locale":"fr_FR","og_type":"article","og_title":"Devenir B\u00e9n\u00e9voles - RugbyGirl Acad\u00e9mie","og_description":"Devenir B\u00e9n\u00e9vole Formulaire d&rsquo;inscription \ud83c\udfc9 Rejoins l&rsquo;\u00e9quipe des b\u00e9n\u00e9voles du Tournoi \u00e9ducatif Rugby Girl Acad\u00e9mie ! \ud83d\udc99\u00a0Envie de vivre une journ\u00e9e intense, conviviale et inspirante ? De contribuer au d\u00e9veloppement du rugby f\u00e9minin ? \ud83d\udcaa\u00a0Nous recherchons des b\u00e9n\u00e9voles dynamiques pour nous aider \u00e0 faire de cet \u00e9v\u00e9nement une r\u00e9ussite ! Accueil, arbitrage, animations, logistique\u2026 il [&hellip;]","og_url":"https:\/\/rugbygirlacademie.com\/index.php\/devenirbenevoles\/","og_site_name":"RugbyGirl Acad\u00e9mie","article_modified_time":"2026-04-08T10:52:12+00:00","og_image":[{"width":1131,"height":1600,"url":"https:\/\/rugbygirlacademie.com\/wp-content\/uploads\/2026\/04\/Affiche-tournoi-QPV.jpg","type":"image\/jpeg"}],"twitter_card":"summary_large_image","twitter_misc":{"Dur\u00e9e de lecture estim\u00e9e":"3 minutes"},"schema":{"@context":"https:\/\/schema.org","@graph":[{"@type":"WebPage","@id":"https:\/\/rugbygirlacademie.com\/index.php\/devenirbenevoles\/","url":"https:\/\/rugbygirlacademie.com\/index.php\/devenirbenevoles\/","name":"Devenir B\u00e9n\u00e9voles - RugbyGirl Acad\u00e9mie","isPartOf":{"@id":"https:\/\/rugbygirlacademie.com\/#website"},"primaryImageOfPage":{"@id":"https:\/\/rugbygirlacademie.com\/index.php\/devenirbenevoles\/#primaryimage"},"image":{"@id":"https:\/\/rugbygirlacademie.com\/index.php\/devenirbenevoles\/#primaryimage"},"thumbnailUrl":"https:\/\/rugbygirlacademie.com\/wp-content\/uploads\/2026\/04\/Affiche-tournoi-QPV-724x1024.jpg","datePublished":"2023-08-14T10:17:17+00:00","dateModified":"2026-04-08T10:52:12+00:00","breadcrumb":{"@id":"https:\/\/rugbygirlacademie.com\/index.php\/devenirbenevoles\/#breadcrumb"},"inLanguage":"fr-FR","potentialAction":[{"@type":"ReadAction","target":["https:\/\/rugbygirlacademie.com\/index.php\/devenirbenevoles\/"]}]},{"@type":"ImageObject","inLanguage":"fr-FR","@id":"https:\/\/rugbygirlacademie.com\/index.php\/devenirbenevoles\/#primaryimage","url":"https:\/\/rugbygirlacademie.com\/wp-content\/uploads\/2026\/04\/Affiche-tournoi-QPV.jpg","contentUrl":"https:\/\/rugbygirlacademie.com\/wp-content\/uploads\/2026\/04\/Affiche-tournoi-QPV.jpg","width":1131,"height":1600},{"@type":"BreadcrumbList","@id":"https:\/\/rugbygirlacademie.com\/index.php\/devenirbenevoles\/#breadcrumb","itemListElement":[{"@type":"ListItem","position":1,"name":"Accueil","item":"https:\/\/rugbygirlacademie.com\/"},{"@type":"ListItem","position":2,"name":"Devenir B\u00e9n\u00e9voles"}]},{"@type":"WebSite","@id":"https:\/\/rugbygirlacademie.com\/#website","url":"https:\/\/rugbygirlacademie.com\/","name":"RugbyGirl Acad\u00e9mie","description":"RugbyGirl Acad\u00e9mie c\u2019est un stage de rugby 100% filles","publisher":{"@id":"https:\/\/rugbygirlacademie.com\/#organization"},"potentialAction":[{"@type":"SearchAction","target":{"@type":"EntryPoint","urlTemplate":"https:\/\/rugbygirlacademie.com\/?s={search_term_string}"},"query-input":{"@type":"PropertyValueSpecification","valueRequired":true,"valueName":"search_term_string"}}],"inLanguage":"fr-FR"},{"@type":"Organization","@id":"https:\/\/rugbygirlacademie.com\/#organization","name":"RugbyGirl Acad\u00e9mie","url":"https:\/\/rugbygirlacademie.com\/","logo":{"@type":"ImageObject","inLanguage":"fr-FR","@id":"https:\/\/rugbygirlacademie.com\/#\/schema\/logo\/image\/","url":"https:\/\/rugbygirlacademie.com\/wp-content\/uploads\/2023\/07\/Logo-RugbyGirl-Academie.png","contentUrl":"https:\/\/rugbygirlacademie.com\/wp-content\/uploads\/2023\/07\/Logo-RugbyGirl-Academie.png","width":1501,"height":641,"caption":"RugbyGirl Acad\u00e9mie"},"image":{"@id":"https:\/\/rugbygirlacademie.com\/#\/schema\/logo\/image\/"}}]}},"_links":{"self":[{"href":"https:\/\/rugbygirlacademie.com\/index.php\/wp-json\/wp\/v2\/pages\/1254","targetHints":{"allow":["GET"]}}],"collection":[{"href":"https:\/\/rugbygirlacademie.com\/index.php\/wp-json\/wp\/v2\/pages"}],"about":[{"href":"https:\/\/rugbygirlacademie.com\/index.php\/wp-json\/wp\/v2\/types\/page"}],"author":[{"embeddable":true,"href":"https:\/\/rugbygirlacademie.com\/index.php\/wp-json\/wp\/v2\/users\/1"}],"replies":[{"embeddable":true,"href":"https:\/\/rugbygirlacademie.com\/index.php\/wp-json\/wp\/v2\/comments?post=1254"}],"version-history":[{"count":65,"href":"https:\/\/rugbygirlacademie.com\/index.php\/wp-json\/wp\/v2\/pages\/1254\/revisions"}],"predecessor-version":[{"id":4621,"href":"https:\/\/rugbygirlacademie.com\/index.php\/wp-json\/wp\/v2\/pages\/1254\/revisions\/4621"}],"wp:attachment":[{"href":"https:\/\/rugbygirlacademie.com\/index.php\/wp-json\/wp\/v2\/media?parent=1254"}],"curies":[{"name":"wp","href":"https:\/\/api.w.org\/{rel}","templated":true}]}}